{"id":2152,"date":"2023-04-28T08:42:29","date_gmt":"2023-04-28T06:42:29","guid":{"rendered":"https:\/\/mfr-craon-oudon.org\/?page_id=2152"},"modified":"2024-10-28T14:54:45","modified_gmt":"2024-10-28T13:54:45","slug":"la-vie-residentielle","status":"publish","type":"page","link":"https:\/\/mfr-craon-oudon.org\/index.php\/la-vie-residentielle\/","title":{"rendered":"La vie r\u00e9sidentielle"},"content":{"rendered":"\t\t<div data-elementor-type=\"wp-page\" data-elementor-id=\"2152\" class=\"elementor elementor-2152\">\n\t\t\t\t\t\t<section class=\"elementor-section elementor-top-section elementor-element elementor-element-25318ef9 elementor-section-content-middle elementor-section-full_width elementor-section-height-min-height elementor-section-items-stretch elementor-section-height-default\" data-id=\"25318ef9\" data-element_type=\"section\">\n\t\t\t\t\t\t<div class=\"elementor-container elementor-column-gap-no\">\n\t\t\t\t\t<div class=\"elementor-column elementor-col-50 elementor-top-column elementor-element elementor-element-35c45b32\" data-id=\"35c45b32\" data-element_type=\"column\">\n\t\t\t<div class=\"elementor-widget-wrap elementor-element-populated\">\n\t\t\t\t\t\t<div class=\"elementor-element elementor-element-67cc8a2d elementor-widget elementor-widget-heading\" data-id=\"67cc8a2d\" data-element_type=\"widget\" data-widget_type=\"heading.default\">\n\t\t\t\t<div class=\"elementor-widget-container\">\n\t\t\t<h5 class=\"elementor-heading-title elementor-size-default\">Vie r\u00e9sidentielle <\/h5>\t\t<\/div>\n\t\t\t\t<\/div>\n\t\t\t\t<div class=\"elementor-element elementor-element-2cae3a2f elementor-widget elementor-widget-heading\" data-id=\"2cae3a2f\" data-element_type=\"widget\" data-widget_type=\"heading.default\">\n\t\t\t\t<div class=\"elementor-widget-container\">\n\t\t\t<h2 class=\"elementor-heading-title elementor-size-default\">Pour faire la diff\u00e9rence<\/h2>\t\t<\/div>\n\t\t\t\t<\/div>\n\t\t\t\t<div class=\"elementor-element elementor-element-7024a8da elementor-widget-divider--view-line elementor-widget elementor-widget-divider\" data-id=\"7024a8da\" data-element_type=\"widget\" data-widget_type=\"divider.default\">\n\t\t\t\t<div class=\"elementor-widget-container\">\n\t\t\t\t\t<div class=\"elementor-divider\">\n\t\t\t<span class=\"elementor-divider-separator\">\n\t\t\t\t\t\t<\/span>\n\t\t<\/div>\n\t\t\t\t<\/div>\n\t\t\t\t<\/div>\n\t\t\t\t<div class=\"elementor-element elementor-element-444e0d5f elementor-widget elementor-widget-text-editor\" data-id=\"444e0d5f\" data-element_type=\"widget\" data-widget_type=\"text-editor.default\">\n\t\t\t\t<div class=\"elementor-widget-container\">\n\t\t\t\t\t\t\t<p>La vie r\u00e9sidentielle est pour nous un axe important de notre MFR.<\/p><ul><li>Elle permet d\u2019apprendre \u00e0 vivre ensemble et \u00e0 faire ensemble.<\/li><li>Les jeunes peuvent \u00eatre interne ou demi-pensionnaire.<\/li><li>Les jeunes internes peuvent profiter de diff\u00e9rentes activit\u00e9s telles que des soir\u00e9e jeux de soci\u00e9t\u00e9, grand jeux en ext\u00e9rieur, soir\u00e9e fluo, sortie comme le cin\u00e9ma, bowling ou patinoire, \u2026.<\/li><\/ul><p>La vie r\u00e9sidentielle permet de cr\u00e9er de beaux souvenirs\u00a0!<\/p>\t\t\t\t\t\t<\/div>\n\t\t\t\t<\/div>\n\t\t\t\t\t<\/div>\n\t\t<\/div>\n\t\t\t\t<div class=\"elementor-column elementor-col-50 elementor-top-column elementor-element elementor-element-747f1c68\" data-id=\"747f1c68\" data-element_type=\"column\" data-settings=\"{&quot;background_background&quot;:&quot;classic&quot;}\">\n\t\t\t<div class=\"elementor-widget-wrap elementor-element-populated\">\n\t\t\t\t\t\t<div class=\"elementor-element elementor-element-cd2cae0 elementor-pagination-position-outside elementor-widget elementor-widget-image-carousel\" data-id=\"cd2cae0\" data-element_type=\"widget\" data-settings=\"{&quot;slides_to_show&quot;:&quot;1&quot;,&quot;navigation&quot;:&quot;dots&quot;,&quot;autoplay_speed&quot;:6000,&quot;autoplay&quot;:&quot;yes&quot;,&quot;pause_on_hover&quot;:&quot;yes&quot;,&quot;pause_on_interaction&quot;:&quot;yes&quot;,&quot;infinite&quot;:&quot;yes&quot;,&quot;effect&quot;:&quot;slide&quot;,&quot;speed&quot;:500}\" data-widget_type=\"image-carousel.default\">\n\t\t\t\t<div class=\"elementor-widget-container\">\n\t\t\t\t\t<div class=\"elementor-image-carousel-wrapper swiper\" dir=\"ltr\">\n\t\t\t<div class=\"elementor-image-carousel swiper-wrapper swiper-image-stretch\" aria-live=\"off\">\n\t\t\t\t\t\t\t\t<div class=\"swiper-slide\" role=\"group\" aria-roledescription=\"slide\" aria-label=\"1 of 4\"><figure class=\"swiper-slide-inner\"><img decoding=\"async\" class=\"swiper-slide-image\" src=\"https:\/\/mfr-craon-oudon.org\/wp-content\/uploads\/elementor\/thumbs\/residence3-q5xb86d1erx37fp9tl31vk2064pdhcqar056dm2g4o.jpg\" alt=\"residence3\" \/><\/figure><\/div><div class=\"swiper-slide\" role=\"group\" aria-roledescription=\"slide\" aria-label=\"2 of 4\"><figure class=\"swiper-slide-inner\"><img decoding=\"async\" class=\"swiper-slide-image\" src=\"https:\/\/mfr-craon-oudon.org\/wp-content\/uploads\/elementor\/thumbs\/residence2-q5xb888psfznunmjilwb0jkxcwg3wqxrf9g5c5zns8.jpg\" alt=\"residence2\" \/><\/figure><\/div><div class=\"swiper-slide\" role=\"group\" aria-roledescription=\"slide\" aria-label=\"3 of 4\"><figure class=\"swiper-slide-inner\"><img decoding=\"async\" class=\"swiper-slide-image\" src=\"https:\/\/mfr-craon-oudon.org\/wp-content\/uploads\/elementor\/thumbs\/WhatsApp-Image-2024-02-21-at-09.07.06-4-qudx3ri99l7icgusos1t4nn45u16apxxt3kg5d8n54.jpeg\" alt=\"WhatsApp Image 2024-02-21 at 09.07.06 (4)\" \/><\/figure><\/div><div class=\"swiper-slide\" role=\"group\" aria-roledescription=\"slide\" aria-label=\"4 of 4\"><figure class=\"swiper-slide-inner\"><img decoding=\"async\" class=\"swiper-slide-image\" src=\"https:\/\/mfr-craon-oudon.org\/wp-content\/uploads\/elementor\/thumbs\/20231207_205419-qudxampt70lx5wvpl8wouf9ce66pj47cf355d523oo.jpg\" alt=\"20231207_205419\" \/><\/figure><\/div>\t\t\t<\/div>\n\t\t\t\t\t\t\t\n\t\t\t\t\t\t\t\t\t<div class=\"swiper-pagination\"><\/div>\n\t\t\t\t\t\t\t\t\t<\/div>\n\t\t\t\t<\/div>\n\t\t\t\t<\/div>\n\t\t\t\t\t<\/div>\n\t\t<\/div>\n\t\t\t\t\t<\/div>\n\t\t<\/section>\n\t\t\t\t<section class=\"elementor-section elementor-top-section elementor-element elementor-element-1fe306ea elementor-section-content-middle elementor-section-boxed elementor-section-height-default elementor-section-height-default\" data-id=\"1fe306ea\" data-element_type=\"section\" data-settings=\"{&quot;background_background&quot;:&quot;classic&quot;}\">\n\t\t\t\t\t\t\t<div class=\"elementor-background-overlay\"><\/div>\n\t\t\t\t\t\t\t<div class=\"elementor-container elementor-column-gap-wide\">\n\t\t\t\t\t<div class=\"elementor-column elementor-col-100 elementor-top-column elementor-element elementor-element-6a9c77cd\" data-id=\"6a9c77cd\" data-element_type=\"column\">\n\t\t\t<div class=\"elementor-widget-wrap elementor-element-populated\">\n\t\t\t\t\t\t<div class=\"elementor-element elementor-element-6099f10c elementor-invisible elementor-widget elementor-widget-heading\" data-id=\"6099f10c\" data-element_type=\"widget\" data-settings=\"{&quot;_animation&quot;:&quot;fadeIn&quot;,&quot;_animation_delay&quot;:100}\" data-widget_type=\"heading.default\">\n\t\t\t\t<div class=\"elementor-widget-container\">\n\t\t\t<h2 class=\"elementor-heading-title elementor-size-default\">Autres s\u00e9jours et animations<\/h2>\t\t<\/div>\n\t\t\t\t<\/div>\n\t\t\t\t<div class=\"elementor-element elementor-element-370fcfdb elementor-widget-divider--view-line elementor-invisible elementor-widget elementor-widget-divider\" data-id=\"370fcfdb\" data-element_type=\"widget\" data-settings=\"{&quot;_animation&quot;:&quot;fadeIn&quot;,&quot;_animation_delay&quot;:300}\" data-widget_type=\"divider.default\">\n\t\t\t\t<div class=\"elementor-widget-container\">\n\t\t\t\t\t<div class=\"elementor-divider\">\n\t\t\t<span class=\"elementor-divider-separator\">\n\t\t\t\t\t\t<\/span>\n\t\t<\/div>\n\t\t\t\t<\/div>\n\t\t\t\t<\/div>\n\t\t\t\t<div class=\"elementor-element elementor-element-6c44520a elementor-invisible elementor-widget elementor-widget-heading\" data-id=\"6c44520a\" data-element_type=\"widget\" data-settings=\"{&quot;_animation&quot;:&quot;fadeIn&quot;,&quot;_animation_delay&quot;:150}\" data-widget_type=\"heading.default\">\n\t\t\t\t<div class=\"elementor-widget-container\">\n\t\t\t<h2 class=\"elementor-heading-title elementor-size-default\">Les s\u00e9jours ou sorties auxquelles participent les jeunes ou adultes en formation permettent de d\u00e9velopper des comp\u00e9tences et d\u2019approfondir des connaissances.\n.<br>Ce sont aussi des temps d\u2019\u00e9change et de convivialit\u00e9<\/h2>\t\t<\/div>\n\t\t\t\t<\/div>\n\t\t\t\t<section class=\"elementor-section elementor-inner-section elementor-element elementor-element-17a00495 envato-kit-141-top-0 elementor-section-boxed elementor-section-height-default elementor-section-height-default\" data-id=\"17a00495\" data-element_type=\"section\">\n\t\t\t\t\t\t<div class=\"elementor-container elementor-column-gap-default\">\n\t\t\t\t\t<div class=\"elementor-column elementor-col-50 elementor-inner-column elementor-element elementor-element-583c3246 elementor-invisible\" data-id=\"583c3246\" data-element_type=\"column\" data-settings=\"{&quot;background_background&quot;:&quot;classic&quot;,&quot;animation&quot;:&quot;fadeIn&quot;,&quot;animation_delay&quot;:100}\">\n\t\t\t<div class=\"elementor-widget-wrap elementor-element-populated\">\n\t\t\t\t\t\t<div class=\"elementor-element elementor-element-1c1449c6 elementor-widget elementor-widget-image\" data-id=\"1c1449c6\" data-element_type=\"widget\" data-widget_type=\"image.default\">\n\t\t\t\t<div class=\"elementor-widget-container\">\n\t\t\t\t\t\t\t\t\t\t\t\t\t<img fetchpriority=\"high\" decoding=\"async\" width=\"768\" height=\"512\" src=\"https:\/\/mfr-craon-oudon.org\/wp-content\/uploads\/2023\/04\/groupe-de-jeune-regardant-vers-lavenir-horizon-sourires-768x512.jpg\" class=\"attachment-medium_large size-medium_large wp-image-1470\" alt=\"\" srcset=\"https:\/\/mfr-craon-oudon.org\/wp-content\/uploads\/2023\/04\/groupe-de-jeune-regardant-vers-lavenir-horizon-sourires-768x512.jpg 768w, https:\/\/mfr-craon-oudon.org\/wp-content\/uploads\/2023\/04\/elementor\/thumbs\/groupe-de-jeune-regardant-vers-lavenir-horizon-sourires-q56onz7odlhpfawav6ylair1iyqgkbxaa5nmtx18dc.jpg 600w, https:\/\/mfr-craon-oudon.org\/wp-content\/uploads\/2023\/04\/groupe-de-jeune-regardant-vers-lavenir-horizon-sourires-300x200.jpg 300w, https:\/\/mfr-craon-oudon.org\/wp-content\/uploads\/2023\/04\/groupe-de-jeune-regardant-vers-lavenir-horizon-sourires-1024x683.jpg 1024w, https:\/\/mfr-craon-oudon.org\/wp-content\/uploads\/2023\/04\/groupe-de-jeune-regardant-vers-lavenir-horizon-sourires-1536x1024.jpg 1536w, https:\/\/mfr-craon-oudon.org\/wp-content\/uploads\/2023\/04\/groupe-de-jeune-regardant-vers-lavenir-horizon-sourires.jpg 1920w\" sizes=\"(max-width: 768px) 100vw, 768px\" \/>\t\t\t\t\t\t\t\t\t\t\t\t\t<\/div>\n\t\t\t\t<\/div>\n\t\t\t\t<div class=\"elementor-element elementor-element-79414a60 elementor-widget elementor-widget-heading\" data-id=\"79414a60\" data-element_type=\"widget\" data-widget_type=\"heading.default\">\n\t\t\t\t<div class=\"elementor-widget-container\">\n\t\t\t<h2 class=\"elementor-heading-title elementor-size-default\">S\u00e9jours et sorties de fin d'ann\u00e9e<\/h2>\t\t<\/div>\n\t\t\t\t<\/div>\n\t\t\t\t<div class=\"elementor-element elementor-element-1dfcf420 elementor-widget elementor-widget-text-editor\" data-id=\"1dfcf420\" data-element_type=\"widget\" data-widget_type=\"text-editor.default\">\n\t\t\t\t<div class=\"elementor-widget-container\">\n\t\t\t\t\t\t\t<p class=\"elementor-heading-title elementor-size-default\">Ces sorties ou s\u00e9jours ont des objectifs diff\u00e9rents.<\/p><div id=\"sconnect-is-installed\" style=\"display: none;\">2.15.0.0<\/div>\t\t\t\t\t\t<\/div>\n\t\t\t\t<\/div>\n\t\t\t\t<div class=\"elementor-element elementor-element-69fbd071 elementor-widget elementor-widget-button\" data-id=\"69fbd071\" data-element_type=\"widget\" data-widget_type=\"button.default\">\n\t\t\t\t<div class=\"elementor-widget-container\">\n\t\t\t\t\t<div class=\"elementor-button-wrapper\">\n\t\t\t<a class=\"elementor-button elementor-button-link elementor-size-sm\" href=\"https:\/\/mfr-craon-oudon.org\/index.php\/les-sejours\/\">\n\t\t\t\t\t\t<span class=\"elementor-button-content-wrapper\">\n\t\t\t\t\t\t\t\t\t<span class=\"elementor-button-text\">En savoir plus<\/span>\n\t\t\t\t\t<\/span>\n\t\t\t\t\t<\/a>\n\t\t<\/div>\n\t\t\t\t<\/div>\n\t\t\t\t<\/div>\n\t\t\t\t\t<\/div>\n\t\t<\/div>\n\t\t\t\t<div class=\"elementor-column elementor-col-50 elementor-inner-column elementor-element elementor-element-5fa77339 elementor-invisible\" data-id=\"5fa77339\" data-element_type=\"column\" data-settings=\"{&quot;background_background&quot;:&quot;classic&quot;,&quot;animation&quot;:&quot;fadeIn&quot;,&quot;animation_delay&quot;:200}\">\n\t\t\t<div class=\"elementor-widget-wrap elementor-element-populated\">\n\t\t\t\t\t\t<div class=\"elementor-element elementor-element-751a2594 elementor-widget elementor-widget-image\" data-id=\"751a2594\" data-element_type=\"widget\" data-widget_type=\"image.default\">\n\t\t\t\t<div class=\"elementor-widget-container\">\n\t\t\t\t\t\t\t\t\t\t\t\t\t<img decoding=\"async\" src=\"https:\/\/mfr-craon-oudon.org\/wp-content\/uploads\/elementor\/thumbs\/340647001_235457325691456_455362870186201812_n-q56r5hef5o0mykvw7vropxn5vtkpir959603ygbnvk.jpg\" title=\"340647001_235457325691456_455362870186201812_n\" alt=\"340647001_235457325691456_455362870186201812_n\" loading=\"lazy\" \/>\t\t\t\t\t\t\t\t\t\t\t\t\t<\/div>\n\t\t\t\t<\/div>\n\t\t\t\t<div class=\"elementor-element elementor-element-38ef26f0 elementor-widget elementor-widget-heading\" data-id=\"38ef26f0\" data-element_type=\"widget\" data-widget_type=\"heading.default\">\n\t\t\t\t<div class=\"elementor-widget-container\">\n\t\t\t<h2 class=\"elementor-heading-title elementor-size-default\">Autres engagements<\/h2>\t\t<\/div>\n\t\t\t\t<\/div>\n\t\t\t\t<div class=\"elementor-element elementor-element-3d92d3b1 elementor-widget elementor-widget-text-editor\" data-id=\"3d92d3b1\" data-element_type=\"widget\" data-widget_type=\"text-editor.default\">\n\t\t\t\t<div class=\"elementor-widget-container\">\n\t\t\t\t\t\t\t<p>La MFR organise depuis 4 ans des cross caritatifs.<\/p><div id=\"sconnect-is-installed\" style=\"display: none;\">2.15.0.0<\/div>\t\t\t\t\t\t<\/div>\n\t\t\t\t<\/div>\n\t\t\t\t<div class=\"elementor-element elementor-element-d43809e elementor-widget elementor-widget-button\" data-id=\"d43809e\" data-element_type=\"widget\" data-widget_type=\"button.default\">\n\t\t\t\t<div class=\"elementor-widget-container\">\n\t\t\t\t\t<div class=\"elementor-button-wrapper\">\n\t\t\t<a class=\"elementor-button elementor-button-link elementor-size-sm\" href=\"#\">\n\t\t\t\t\t\t<span class=\"elementor-button-content-wrapper\">\n\t\t\t\t\t\t\t\t\t<span class=\"elementor-button-text\">En savoir plus<\/span>\n\t\t\t\t\t<\/span>\n\t\t\t\t\t<\/a>\n\t\t<\/div>\n\t\t\t\t<\/div>\n\t\t\t\t<\/div>\n\t\t\t\t\t<\/div>\n\t\t<\/div>\n\t\t\t\t\t<\/div>\n\t\t<\/section>\n\t\t\t\t\t<\/div>\n\t\t<\/div>\n\t\t\t\t\t<\/div>\n\t\t<\/section>\n\t\t\t\t<\/div>\n\t\t","protected":false},"excerpt":{"rendered":"<p>Vie r\u00e9sidentielle Pour faire la diff\u00e9rence La vie r\u00e9sidentielle est pour nous un axe important de notre MFR. Elle permet d\u2019apprendre \u00e0 vivre ensemble et \u00e0 faire ensemble. Les jeunes peuvent \u00eatre interne ou demi-pensionnaire. Les jeunes internes peuvent profiter de diff\u00e9rentes activit\u00e9s telles que des soir\u00e9e jeux de soci\u00e9t\u00e9, grand jeux en ext\u00e9rieur, soir\u00e9e fluo, sortie comme le cin\u00e9ma, bowling ou patinoire, \u2026. La vie r\u00e9sidentielle permet de cr\u00e9er de beaux souvenirs\u00a0! Autres s\u00e9jours et animations Les s\u00e9jours ou sorties auxquelles participent les jeunes ou adultes en formation permettent de d\u00e9velopper des comp\u00e9tences et d\u2019approfondir des connaissances. .Ce sont aussi des temps d\u2019\u00e9change et de convivialit\u00e9 S\u00e9jours et sorties de fin d&rsquo;ann\u00e9e Ces sorties ou s\u00e9jours ont des objectifs diff\u00e9rents. 2.15.0.0 En savoir plus Autres engagements La MFR organise depuis 4 ans des cross caritatifs. 2.15.0.0 En savoir plus<\/p>\n","protected":false},"author":1,"featured_media":0,"parent":0,"menu_order":0,"comment_status":"closed","ping_status":"closed","template":"templates\/template-page-full-width.php","meta":{"_monsterinsights_skip_tracking":false,"_monsterinsights_sitenote_active":false,"_monsterinsights_sitenote_note":"","_monsterinsights_sitenote_category":0,"footnotes":""},"class_list":["post-2152","page","type-page","status-publish","hentry"],"aioseo_notices":[],"_links":{"self":[{"href":"https:\/\/mfr-craon-oudon.org\/index.php\/wp-json\/wp\/v2\/pages\/2152","targetHints":{"allow":["GET"]}}],"collection":[{"href":"https:\/\/mfr-craon-oudon.org\/index.php\/wp-json\/wp\/v2\/pages"}],"about":[{"href":"https:\/\/mfr-craon-oudon.org\/index.php\/wp-json\/wp\/v2\/types\/page"}],"author":[{"embeddable":true,"href":"https:\/\/mfr-craon-oudon.org\/index.php\/wp-json\/wp\/v2\/users\/1"}],"replies":[{"embeddable":true,"href":"https:\/\/mfr-craon-oudon.org\/index.php\/wp-json\/wp\/v2\/comments?post=2152"}],"version-history":[{"count":0,"href":"https:\/\/mfr-craon-oudon.org\/index.php\/wp-json\/wp\/v2\/pages\/2152\/revisions"}],"wp:attachment":[{"href":"https:\/\/mfr-craon-oudon.org\/index.php\/wp-json\/wp\/v2\/media?parent=2152"}],"curies":[{"name":"wp","href":"https:\/\/api.w.org\/{rel}","templated":true}]}}