{"id":2018,"date":"2023-04-24T13:23:01","date_gmt":"2023-04-24T11:23:01","guid":{"rendered":"https:\/\/mfr-craon-oudon.org\/?page_id=2018"},"modified":"2026-01-06T14:17:36","modified_gmt":"2026-01-06T13:17:36","slug":"les-locations","status":"publish","type":"page","link":"https:\/\/mfr-craon-oudon.org\/index.php\/les-locations\/","title":{"rendered":"Les locations"},"content":{"rendered":"\t\t<div data-elementor-type=\"wp-page\" data-elementor-id=\"2018\" class=\"elementor elementor-2018\">\n\t\t\t\t\t\t<section class=\"elementor-section elementor-top-section elementor-element elementor-element-4c93a7f5 elementor-section-content-middle elementor-section-boxed elementor-section-height-default elementor-section-height-default\" data-id=\"4c93a7f5\" data-element_type=\"section\" data-settings=\"{&quot;background_background&quot;:&quot;classic&quot;}\">\n\t\t\t\t\t\t<div class=\"elementor-container elementor-column-gap-wider\">\n\t\t\t\t\t<div class=\"elementor-column elementor-col-50 elementor-top-column elementor-element elementor-element-6980f9c6\" data-id=\"6980f9c6\" data-element_type=\"column\">\n\t\t\t<div class=\"elementor-widget-wrap elementor-element-populated\">\n\t\t\t\t\t\t<div class=\"elementor-element elementor-element-a87a4f9 elementor-widget elementor-widget-heading\" data-id=\"a87a4f9\" data-element_type=\"widget\" data-widget_type=\"heading.default\">\n\t\t\t\t<div class=\"elementor-widget-container\">\n\t\t\t<h5 class=\"elementor-heading-title elementor-size-default\">Locations<\/h5>\t\t<\/div>\n\t\t\t\t<\/div>\n\t\t\t\t<div class=\"elementor-element elementor-element-101360f1 elementor-widget elementor-widget-heading\" data-id=\"101360f1\" data-element_type=\"widget\" data-widget_type=\"heading.default\">\n\t\t\t\t<div class=\"elementor-widget-container\">\n\t\t\t<h2 class=\"elementor-heading-title elementor-size-default\">Des espaces adapt\u00e9s<\/h2>\t\t<\/div>\n\t\t\t\t<\/div>\n\t\t\t\t<div class=\"elementor-element elementor-element-f8f525e elementor-widget-divider--view-line elementor-widget elementor-widget-divider\" data-id=\"f8f525e\" data-element_type=\"widget\" data-widget_type=\"divider.default\">\n\t\t\t\t<div class=\"elementor-widget-container\">\n\t\t\t\t\t<div class=\"elementor-divider\">\n\t\t\t<span class=\"elementor-divider-separator\">\n\t\t\t\t\t\t<\/span>\n\t\t<\/div>\n\t\t\t\t<\/div>\n\t\t\t\t<\/div>\n\t\t\t\t<div class=\"elementor-element elementor-element-2b6c0bf4 elementor-widget elementor-widget-heading\" data-id=\"2b6c0bf4\" data-element_type=\"widget\" data-widget_type=\"heading.default\">\n\t\t\t\t<div class=\"elementor-widget-container\">\n\t\t\t<h4 class=\"elementor-heading-title elementor-size-default\">La MFR de l\u2019Oudon propose aux particuliers mais \u00e9galement aux entreprises (pour les s\u00e9minaires, r\u00e9unions\u2026) et aux colonies de vacances de louer ses salles ainsi que son h\u00e9bergement (internat).<\/h4>\t\t<\/div>\n\t\t\t\t<\/div>\n\t\t\t\t\t<\/div>\n\t\t<\/div>\n\t\t\t\t<div class=\"elementor-column elementor-col-50 elementor-top-column elementor-element elementor-element-9296a02\" data-id=\"9296a02\" data-element_type=\"column\">\n\t\t\t<div class=\"elementor-widget-wrap elementor-element-populated\">\n\t\t\t\t\t\t<section class=\"elementor-section elementor-inner-section elementor-element elementor-element-98dc468 elementor-section-boxed elementor-section-height-default elementor-section-height-default\" data-id=\"98dc468\" data-element_type=\"section\">\n\t\t\t\t\t\t<div class=\"elementor-container elementor-column-gap-default\">\n\t\t\t\t\t<div class=\"elementor-column elementor-col-100 elementor-inner-column elementor-element elementor-element-85ce253\" data-id=\"85ce253\" data-element_type=\"column\">\n\t\t\t<div class=\"elementor-widget-wrap elementor-element-populated\">\n\t\t\t\t\t\t<div class=\"elementor-element elementor-element-66010ec1 elementor-widget elementor-widget-image\" data-id=\"66010ec1\" data-element_type=\"widget\" data-widget_type=\"image.default\">\n\t\t\t\t<div class=\"elementor-widget-container\">\n\t\t\t\t\t\t\t\t\t\t\t\t\t<img fetchpriority=\"high\" decoding=\"async\" width=\"1024\" height=\"561\" src=\"https:\/\/mfr-craon-oudon.org\/wp-content\/uploads\/2023\/05\/reunion-mfr-oudon-1024x561.jpg\" class=\"attachment-large size-large wp-image-2302\" alt=\"\" srcset=\"https:\/\/mfr-craon-oudon.org\/wp-content\/uploads\/2023\/05\/reunion-mfr-oudon-1024x561.jpg 1024w, https:\/\/mfr-craon-oudon.org\/wp-content\/uploads\/2023\/05\/reunion-mfr-oudon-300x164.jpg 300w, https:\/\/mfr-craon-oudon.org\/wp-content\/uploads\/2023\/05\/reunion-mfr-oudon-768x420.jpg 768w, https:\/\/mfr-craon-oudon.org\/wp-content\/uploads\/2023\/05\/reunion-mfr-oudon.jpg 1200w\" sizes=\"(max-width: 1024px) 100vw, 1024px\" \/>\t\t\t\t\t\t\t\t\t\t\t\t\t<\/div>\n\t\t\t\t<\/div>\n\t\t\t\t\t<\/div>\n\t\t<\/div>\n\t\t\t\t\t<\/div>\n\t\t<\/section>\n\t\t\t\t\t<\/div>\n\t\t<\/div>\n\t\t\t\t\t<\/div>\n\t\t<\/section>\n\t\t\t\t<section class=\"elementor-section elementor-top-section elementor-element elementor-element-25318ef9 elementor-section-content-middle elementor-section-full_width elementor-section-height-min-height elementor-section-items-stretch elementor-section-height-default\" data-id=\"25318ef9\" data-element_type=\"section\">\n\t\t\t\t\t\t<div class=\"elementor-container elementor-column-gap-no\">\n\t\t\t\t\t<div class=\"elementor-column elementor-col-50 elementor-top-column elementor-element elementor-element-35c45b32\" data-id=\"35c45b32\" data-element_type=\"column\">\n\t\t\t<div class=\"elementor-widget-wrap elementor-element-populated\">\n\t\t\t\t\t\t<div class=\"elementor-element elementor-element-2cae3a2f elementor-widget elementor-widget-heading\" data-id=\"2cae3a2f\" data-element_type=\"widget\" data-widget_type=\"heading.default\">\n\t\t\t\t<div class=\"elementor-widget-container\">\n\t\t\t<h2 class=\"elementor-heading-title elementor-size-default\">Le b\u00e2timent  p\u00e9dagogique 31 route de Nantes<\/h2>\t\t<\/div>\n\t\t\t\t<\/div>\n\t\t\t\t<div class=\"elementor-element elementor-element-7024a8da elementor-widget-divider--view-line elementor-widget elementor-widget-divider\" data-id=\"7024a8da\" data-element_type=\"widget\" data-widget_type=\"divider.default\">\n\t\t\t\t<div class=\"elementor-widget-container\">\n\t\t\t\t\t<div class=\"elementor-divider\">\n\t\t\t<span class=\"elementor-divider-separator\">\n\t\t\t\t\t\t<\/span>\n\t\t<\/div>\n\t\t\t\t<\/div>\n\t\t\t\t<\/div>\n\t\t\t\t<div class=\"elementor-element elementor-element-444e0d5f elementor-widget elementor-widget-text-editor\" data-id=\"444e0d5f\" data-element_type=\"widget\" data-widget_type=\"text-editor.default\">\n\t\t\t\t<div class=\"elementor-widget-container\">\n\t\t\t\t\t\t\t<ul><li><span style=\"font-size: 11.0pt;\">Une cuisine de collectivit\u00e9 avec tout le mat\u00e9riel n\u00e9cessaire.<\/span><\/li><li>Une salle d\u2019une capacit\u00e9 de 80 personnes (salle pouvant se scinder en deux).<\/li><\/ul><p class=\"Standard\"><span style=\"font-size: 11.0pt;\">Selon la demande : possibilit\u00e9 de salles suppl\u00e9mentaires et d\u2019une cuisine p\u00e9dagogique.<\/span><\/p><p class=\"Standard\"><span style=\"font-size: 11.0pt;\">\u00a0<\/span><span style=\"font-size: 11.0pt;\">Une tour de son (enceinte), un vid\u00e9oprojecteur peuvent \u00eatre mis \u00e0 disposition.<\/span><\/p>\t\t\t\t\t\t<\/div>\n\t\t\t\t<\/div>\n\t\t\t\t\t<\/div>\n\t\t<\/div>\n\t\t\t\t<div class=\"elementor-column elementor-col-50 elementor-top-column elementor-element elementor-element-747f1c68\" data-id=\"747f1c68\" data-element_type=\"column\" data-settings=\"{&quot;background_background&quot;:&quot;classic&quot;}\">\n\t\t\t<div class=\"elementor-widget-wrap elementor-element-populated\">\n\t\t\t\t\t\t<div class=\"elementor-element elementor-element-0aa5c1c elementor-widget elementor-widget-video\" data-id=\"0aa5c1c\" data-element_type=\"widget\" data-settings=\"{&quot;youtube_url&quot;:&quot;https:\\\/\\\/www.youtube.com\\\/watch?v=QzF0NFvxwVA&quot;,&quot;video_type&quot;:&quot;youtube&quot;,&quot;controls&quot;:&quot;yes&quot;}\" data-widget_type=\"video.default\">\n\t\t\t\t<div class=\"elementor-widget-container\">\n\t\t\t\t\t<div class=\"elementor-wrapper elementor-open-inline\">\n\t\t\t<div class=\"elementor-video\"><\/div>\t\t<\/div>\n\t\t\t\t<\/div>\n\t\t\t\t<\/div>\n\t\t\t\t\t<\/div>\n\t\t<\/div>\n\t\t\t\t\t<\/div>\n\t\t<\/section>\n\t\t\t\t<section class=\"elementor-section elementor-top-section elementor-element elementor-element-5ee1365 elementor-section-content-middle elementor-section-full_width elementor-section-height-min-height elementor-section-items-stretch elementor-section-height-default\" data-id=\"5ee1365\" data-element_type=\"section\">\n\t\t\t\t\t\t<div class=\"elementor-container elementor-column-gap-no\">\n\t\t\t\t\t<div class=\"elementor-column elementor-col-50 elementor-top-column elementor-element elementor-element-a5d5c44\" data-id=\"a5d5c44\" data-element_type=\"column\">\n\t\t\t<div class=\"elementor-widget-wrap elementor-element-populated\">\n\t\t\t\t\t\t<div class=\"elementor-element elementor-element-6ef2df3 elementor-widget elementor-widget-video\" data-id=\"6ef2df3\" data-element_type=\"widget\" data-settings=\"{&quot;youtube_url&quot;:&quot;https:\\\/\\\/www.youtube.com\\\/watch?v=hgEC3Tbarbo&quot;,&quot;video_type&quot;:&quot;youtube&quot;,&quot;controls&quot;:&quot;yes&quot;}\" data-widget_type=\"video.default\">\n\t\t\t\t<div class=\"elementor-widget-container\">\n\t\t\t\t\t<div class=\"elementor-wrapper elementor-open-inline\">\n\t\t\t<div class=\"elementor-video\"><\/div>\t\t<\/div>\n\t\t\t\t<\/div>\n\t\t\t\t<\/div>\n\t\t\t\t\t<\/div>\n\t\t<\/div>\n\t\t\t\t<div class=\"elementor-column elementor-col-50 elementor-top-column elementor-element elementor-element-f0f6535\" data-id=\"f0f6535\" data-element_type=\"column\" data-settings=\"{&quot;background_background&quot;:&quot;classic&quot;}\">\n\t\t\t<div class=\"elementor-widget-wrap elementor-element-populated\">\n\t\t\t\t\t\t<div class=\"elementor-element elementor-element-5dd1518 elementor-widget elementor-widget-heading\" data-id=\"5dd1518\" data-element_type=\"widget\" data-widget_type=\"heading.default\">\n\t\t\t\t<div class=\"elementor-widget-container\">\n\t\t\t<h2 class=\"elementor-heading-title elementor-size-default\">Le b\u00e2timent internat  6 route de Nantes <\/h2>\t\t<\/div>\n\t\t\t\t<\/div>\n\t\t\t\t<div class=\"elementor-element elementor-element-d8596fc elementor-widget elementor-widget-text-editor\" data-id=\"d8596fc\" data-element_type=\"widget\" data-widget_type=\"text-editor.default\">\n\t\t\t\t<div class=\"elementor-widget-container\">\n\t\t\t\t\t\t\t<ul><li><p class=\"Standard\"><span style=\"font-size: 11.0pt;\">Une salle d\u2019une capacit\u00e9 d\u2019accueil de 50 personnes.<\/span><\/p><\/li><li><p class=\"Standard\"><span style=\"font-size: 11.0pt;\">60 couchages : chambres \u00e9quip\u00e9es de lits superpos\u00e9s et lits simples<br \/><\/span><\/p><\/li><li><p class=\"Standard\"><span style=\"font-size: 11.0pt;\">Une salle de cours (16 personnes).<\/span><\/p><\/li><li><p class=\"Standard\"><span style=\"font-size: 11.0pt;\">Un vid\u00e9o projecteur et un \u00e9cran.<\/span><\/p><\/li><li><p class=\"Standard\"><span style=\"font-size: 11.0pt;\">Une tour de son (enceinte)<\/span><\/p><\/li><li><p class=\"Standard\"><span style=\"font-size: 11.0pt;\">Un grand parking.<\/span><\/p><\/li><\/ul>\t\t\t\t\t\t<\/div>\n\t\t\t\t<\/div>\n\t\t\t\t\t<\/div>\n\t\t<\/div>\n\t\t\t\t\t<\/div>\n\t\t<\/section>\n\t\t\t\t<section class=\"elementor-section elementor-top-section elementor-element elementor-element-e2ccaa8 elementor-section-boxed elementor-section-height-default elementor-section-height-default\" data-id=\"e2ccaa8\" data-element_type=\"section\">\n\t\t\t\t\t\t<div class=\"elementor-container elementor-column-gap-default\">\n\t\t\t\t\t<div class=\"elementor-column elementor-col-100 elementor-top-column elementor-element elementor-element-171679c\" data-id=\"171679c\" data-element_type=\"column\">\n\t\t\t<div class=\"elementor-widget-wrap elementor-element-populated\">\n\t\t\t\t\t\t<div class=\"elementor-element elementor-element-94ad101 elementor-widget elementor-widget-button\" data-id=\"94ad101\" data-element_type=\"widget\" data-widget_type=\"button.default\">\n\t\t\t\t<div class=\"elementor-widget-container\">\n\t\t\t\t\t<div class=\"elementor-button-wrapper\">\n\t\t\t<a class=\"elementor-button elementor-button-link elementor-size-sm\" href=\"https:\/\/mfr-craon-oudon.org\/wp-content\/uploads\/2026\/01\/Presentation-25-26-MFR-V08.09.25.pdf\" target=\"_blank\">\n\t\t\t\t\t\t<span class=\"elementor-button-content-wrapper\">\n\t\t\t\t\t\t\t\t\t<span class=\"elementor-button-text\">Pr\u00e9sentation et tarifs des locations<\/span>\n\t\t\t\t\t<\/span>\n\t\t\t\t\t<\/a>\n\t\t<\/div>\n\t\t\t\t<\/div>\n\t\t\t\t<\/div>\n\t\t\t\t\t<\/div>\n\t\t<\/div>\n\t\t\t\t\t<\/div>\n\t\t<\/section>\n\t\t\t\t<section class=\"elementor-section elementor-top-section elementor-element elementor-element-930436a elementor-section-boxed elementor-section-height-default elementor-section-height-default\" data-id=\"930436a\" data-element_type=\"section\">\n\t\t\t\t\t\t<div class=\"elementor-container elementor-column-gap-default\">\n\t\t\t\t\t<div class=\"elementor-column elementor-col-100 elementor-top-column elementor-element elementor-element-676949a\" data-id=\"676949a\" data-element_type=\"column\">\n\t\t\t<div class=\"elementor-widget-wrap elementor-element-populated\">\n\t\t\t\t\t\t<div class=\"elementor-element elementor-element-b4da576 elementor-widget elementor-widget-text-editor\" data-id=\"b4da576\" data-element_type=\"widget\" data-widget_type=\"text-editor.default\">\n\t\t\t\t<div class=\"elementor-widget-container\">\n\t\t\t\t\t\t\t<p>Si vous souhaitez plus d&rsquo;informations sur nos locations, n&rsquo;h\u00e9sitez pas \u00e0 nous contacter \u00e0 l&rsquo;adresse mail suivante : mfr.craon.oudon@mfr.asso.fr<\/p>\t\t\t\t\t\t<\/div>\n\t\t\t\t<\/div>\n\t\t\t\t\t<\/div>\n\t\t<\/div>\n\t\t\t\t\t<\/div>\n\t\t<\/section>\n\t\t\t\t<\/div>\n\t\t","protected":false},"excerpt":{"rendered":"<p>Locations Des espaces adapt\u00e9s La MFR de l\u2019Oudon propose aux particuliers mais \u00e9galement aux entreprises (pour les s\u00e9minaires, r\u00e9unions\u2026) et aux colonies de vacances de louer ses salles ainsi que son h\u00e9bergement (internat). Le b\u00e2timent p\u00e9dagogique 31 route de Nantes Une cuisine de collectivit\u00e9 avec tout le mat\u00e9riel n\u00e9cessaire. Une salle d\u2019une capacit\u00e9 de 80 personnes (salle pouvant se scinder en deux). Selon la demande : possibilit\u00e9 de salles suppl\u00e9mentaires et d\u2019une cuisine p\u00e9dagogique. \u00a0Une tour de son (enceinte), un vid\u00e9oprojecteur peuvent \u00eatre mis \u00e0 disposition. https:\/\/www.youtube.com\/watch?v=QzF0NFvxwVAhttps:\/\/www.youtube.com\/watch?v=hgEC3Tbarbo Le b\u00e2timent internat 6 route de Nantes Une salle d\u2019une capacit\u00e9 d\u2019accueil de 50 personnes. 60 couchages : chambres \u00e9quip\u00e9es de lits superpos\u00e9s et lits simples Une salle de cours (16 personnes). Un vid\u00e9o projecteur et un \u00e9cran. Une tour de son (enceinte) Un grand parking. Pr\u00e9sentation et tarifs des locations Si vous souhaitez plus d&rsquo;informations sur nos locations, n&rsquo;h\u00e9sitez pas \u00e0 nous contacter \u00e0 l&rsquo;adresse mail suivante : mfr.craon.oudon@mfr.asso.fr<\/p>\n","protected":false},"author":1,"featured_media":0,"parent":0,"menu_order":0,"comment_status":"closed","ping_status":"closed","template":"templates\/template-page-full-width.php","meta":{"_monsterinsights_skip_tracking":false,"_monsterinsights_sitenote_active":false,"_monsterinsights_sitenote_note":"","_monsterinsights_sitenote_category":0,"footnotes":""},"class_list":["post-2018","page","type-page","status-publish","hentry"],"aioseo_notices":[],"_links":{"self":[{"href":"https:\/\/mfr-craon-oudon.org\/index.php\/wp-json\/wp\/v2\/pages\/2018","targetHints":{"allow":["GET"]}}],"collection":[{"href":"https:\/\/mfr-craon-oudon.org\/index.php\/wp-json\/wp\/v2\/pages"}],"about":[{"href":"https:\/\/mfr-craon-oudon.org\/index.php\/wp-json\/wp\/v2\/types\/page"}],"author":[{"embeddable":true,"href":"https:\/\/mfr-craon-oudon.org\/index.php\/wp-json\/wp\/v2\/users\/1"}],"replies":[{"embeddable":true,"href":"https:\/\/mfr-craon-oudon.org\/index.php\/wp-json\/wp\/v2\/comments?post=2018"}],"version-history":[{"count":6,"href":"https:\/\/mfr-craon-oudon.org\/index.php\/wp-json\/wp\/v2\/pages\/2018\/revisions"}],"predecessor-version":[{"id":3338,"href":"https:\/\/mfr-craon-oudon.org\/index.php\/wp-json\/wp\/v2\/pages\/2018\/revisions\/3338"}],"wp:attachment":[{"href":"https:\/\/mfr-craon-oudon.org\/index.php\/wp-json\/wp\/v2\/media?parent=2018"}],"curies":[{"name":"wp","href":"https:\/\/api.w.org\/{rel}","templated":true}]}}