{"id":1942,"date":"2023-04-24T12:44:24","date_gmt":"2023-04-24T10:44:24","guid":{"rendered":"https:\/\/mfr-craon-oudon.org\/?page_id=1942"},"modified":"2024-10-28T15:22:37","modified_gmt":"2024-10-28T14:22:37","slug":"nos-engagements","status":"publish","type":"page","link":"https:\/\/mfr-craon-oudon.org\/index.php\/nos-engagements\/","title":{"rendered":"Nos engagements"},"content":{"rendered":"\t\t<div data-elementor-type=\"wp-page\" data-elementor-id=\"1942\" class=\"elementor elementor-1942\">\n\t\t\t\t\t\t<section class=\"elementor-section elementor-top-section elementor-element elementor-element-4c93a7f5 elementor-section-content-middle elementor-section-boxed elementor-section-height-default elementor-section-height-default\" data-id=\"4c93a7f5\" data-element_type=\"section\" data-settings=\"{&quot;background_background&quot;:&quot;classic&quot;}\">\n\t\t\t\t\t\t<div class=\"elementor-container elementor-column-gap-wider\">\n\t\t\t\t\t<div class=\"elementor-column elementor-col-50 elementor-top-column elementor-element elementor-element-6980f9c6\" data-id=\"6980f9c6\" data-element_type=\"column\">\n\t\t\t<div class=\"elementor-widget-wrap elementor-element-populated\">\n\t\t\t\t\t\t<div class=\"elementor-element elementor-element-a87a4f9 elementor-widget elementor-widget-heading\" data-id=\"a87a4f9\" data-element_type=\"widget\" data-widget_type=\"heading.default\">\n\t\t\t\t<div class=\"elementor-widget-container\">\n\t\t\t<h5 class=\"elementor-heading-title elementor-size-default\">Nos d\u00e9marches<\/h5>\t\t<\/div>\n\t\t\t\t<\/div>\n\t\t\t\t<div class=\"elementor-element elementor-element-101360f1 elementor-widget elementor-widget-heading\" data-id=\"101360f1\" data-element_type=\"widget\" data-widget_type=\"heading.default\">\n\t\t\t\t<div class=\"elementor-widget-container\">\n\t\t\t<h2 class=\"elementor-heading-title elementor-size-default\">Participer \u00e0 une d\u00e9marche solidaire<\/h2>\t\t<\/div>\n\t\t\t\t<\/div>\n\t\t\t\t<div class=\"elementor-element elementor-element-f8f525e elementor-widget-divider--view-line elementor-widget elementor-widget-divider\" data-id=\"f8f525e\" data-element_type=\"widget\" data-widget_type=\"divider.default\">\n\t\t\t\t<div class=\"elementor-widget-container\">\n\t\t\t\t\t<div class=\"elementor-divider\">\n\t\t\t<span class=\"elementor-divider-separator\">\n\t\t\t\t\t\t<\/span>\n\t\t<\/div>\n\t\t\t\t<\/div>\n\t\t\t\t<\/div>\n\t\t\t\t<div class=\"elementor-element elementor-element-2b6c0bf4 elementor-widget elementor-widget-heading\" data-id=\"2b6c0bf4\" data-element_type=\"widget\" data-widget_type=\"heading.default\">\n\t\t\t\t<div class=\"elementor-widget-container\">\n\t\t\t<h3 class=\"elementor-heading-title elementor-size-default\">La MFR organise depuis 4 ans des cross caritatifs.\nLes objectifs sont : \n<\/h3>\t\t<\/div>\n\t\t\t\t<\/div>\n\t\t\t\t<div class=\"elementor-element elementor-element-7f945890 elementor-widget elementor-widget-text-editor\" data-id=\"7f945890\" data-element_type=\"widget\" data-widget_type=\"text-editor.default\">\n\t\t\t\t<div class=\"elementor-widget-container\">\n\t\t\t\t\t\t\t<ul><li><p>faire d\u00e9couvrir une association locale<\/p><\/li><li><p>participer \u00e0 une d\u00e9marche solidaire<\/p><\/li><li><p>s\u2019engager pour une cause<\/p><\/li><li><p>aider une association<\/p><\/li><li><p>partager un moment de convivialit\u00e9<\/p><\/li><\/ul>\t\t\t\t\t\t<\/div>\n\t\t\t\t<\/div>\n\t\t\t\t\t<\/div>\n\t\t<\/div>\n\t\t\t\t<div class=\"elementor-column elementor-col-50 elementor-top-column elementor-element elementor-element-9296a02\" data-id=\"9296a02\" data-element_type=\"column\">\n\t\t\t<div class=\"elementor-widget-wrap elementor-element-populated\">\n\t\t\t\t\t\t<section class=\"elementor-section elementor-inner-section elementor-element elementor-element-98dc468 elementor-section-boxed elementor-section-height-default elementor-section-height-default\" data-id=\"98dc468\" data-element_type=\"section\">\n\t\t\t\t\t\t<div class=\"elementor-container elementor-column-gap-default\">\n\t\t\t\t\t<div class=\"elementor-column elementor-col-100 elementor-inner-column elementor-element elementor-element-85ce253\" data-id=\"85ce253\" data-element_type=\"column\">\n\t\t\t<div class=\"elementor-widget-wrap elementor-element-populated\">\n\t\t\t\t\t\t<div class=\"elementor-element elementor-element-66010ec1 elementor-widget elementor-widget-image\" data-id=\"66010ec1\" data-element_type=\"widget\" data-widget_type=\"image.default\">\n\t\t\t\t<div class=\"elementor-widget-container\">\n\t\t\t\t\t\t\t\t\t\t\t\t\t<img fetchpriority=\"high\" decoding=\"async\" width=\"1024\" height=\"768\" src=\"https:\/\/mfr-craon-oudon.org\/wp-content\/uploads\/2023\/04\/340647001_235457325691456_455362870186201812_n-1024x768.jpg\" class=\"attachment-large size-large wp-image-1485\" alt=\"\" srcset=\"https:\/\/mfr-craon-oudon.org\/wp-content\/uploads\/2023\/04\/340647001_235457325691456_455362870186201812_n-1024x768.jpg 1024w, https:\/\/mfr-craon-oudon.org\/wp-content\/uploads\/2023\/04\/340647001_235457325691456_455362870186201812_n-600x450.jpg 600w, https:\/\/mfr-craon-oudon.org\/wp-content\/uploads\/2023\/04\/340647001_235457325691456_455362870186201812_n-300x225.jpg 300w, https:\/\/mfr-craon-oudon.org\/wp-content\/uploads\/2023\/04\/340647001_235457325691456_455362870186201812_n-768x576.jpg 768w, https:\/\/mfr-craon-oudon.org\/wp-content\/uploads\/2023\/04\/340647001_235457325691456_455362870186201812_n-1536x1152.jpg 1536w, https:\/\/mfr-craon-oudon.org\/wp-content\/uploads\/2023\/04\/340647001_235457325691456_455362870186201812_n.jpg 2048w\" sizes=\"(max-width: 1024px) 100vw, 1024px\" \/>\t\t\t\t\t\t\t\t\t\t\t\t\t<\/div>\n\t\t\t\t<\/div>\n\t\t\t\t\t<\/div>\n\t\t<\/div>\n\t\t\t\t\t<\/div>\n\t\t<\/section>\n\t\t\t\t\t<\/div>\n\t\t<\/div>\n\t\t\t\t\t<\/div>\n\t\t<\/section>\n\t\t\t\t<section class=\"elementor-section elementor-top-section elementor-element elementor-element-25318ef9 elementor-section-content-middle elementor-section-full_width elementor-section-height-min-height elementor-section-items-stretch elementor-section-height-default\" data-id=\"25318ef9\" data-element_type=\"section\">\n\t\t\t\t\t\t<div class=\"elementor-container elementor-column-gap-no\">\n\t\t\t\t\t<div class=\"elementor-column elementor-col-50 elementor-top-column elementor-element elementor-element-35c45b32\" data-id=\"35c45b32\" data-element_type=\"column\">\n\t\t\t<div class=\"elementor-widget-wrap elementor-element-populated\">\n\t\t\t\t\t\t<div class=\"elementor-element elementor-element-67cc8a2d elementor-widget elementor-widget-heading\" data-id=\"67cc8a2d\" data-element_type=\"widget\" data-widget_type=\"heading.default\">\n\t\t\t\t<div class=\"elementor-widget-container\">\n\t\t\t<h5 class=\"elementor-heading-title elementor-size-default\">Quelques exemples<\/h5>\t\t<\/div>\n\t\t\t\t<\/div>\n\t\t\t\t<div class=\"elementor-element elementor-element-2cae3a2f elementor-widget elementor-widget-heading\" data-id=\"2cae3a2f\" data-element_type=\"widget\" data-widget_type=\"heading.default\">\n\t\t\t\t<div class=\"elementor-widget-container\">\n\t\t\t<h2 class=\"elementor-heading-title elementor-size-default\">Impliquer plus largement<\/h2>\t\t<\/div>\n\t\t\t\t<\/div>\n\t\t\t\t<div class=\"elementor-element elementor-element-7024a8da elementor-widget-divider--view-line elementor-widget elementor-widget-divider\" data-id=\"7024a8da\" data-element_type=\"widget\" data-widget_type=\"divider.default\">\n\t\t\t\t<div class=\"elementor-widget-container\">\n\t\t\t\t\t<div class=\"elementor-divider\">\n\t\t\t<span class=\"elementor-divider-separator\">\n\t\t\t\t\t\t<\/span>\n\t\t<\/div>\n\t\t\t\t<\/div>\n\t\t\t\t<\/div>\n\t\t\t\t<div class=\"elementor-element elementor-element-444e0d5f elementor-widget elementor-widget-text-editor\" data-id=\"444e0d5f\" data-element_type=\"widget\" data-widget_type=\"text-editor.default\">\n\t\t\t\t<div class=\"elementor-widget-container\">\n\t\t\t\t\t\t\t<p>La MFR organise 2 cross caritatifs par an afin que l\u2019ensemble des jeunes de la MFR puissent y participer.<\/p><p>Cette action est men\u00e9e parfois avec la MFR de l\u2019Hippodrome.<\/p>\t\t\t\t\t\t<\/div>\n\t\t\t\t<\/div>\n\t\t\t\t\t<\/div>\n\t\t<\/div>\n\t\t\t\t<div class=\"elementor-column elementor-col-50 elementor-top-column elementor-element elementor-element-747f1c68\" data-id=\"747f1c68\" data-element_type=\"column\" data-settings=\"{&quot;background_background&quot;:&quot;classic&quot;}\">\n\t\t\t<div class=\"elementor-widget-wrap elementor-element-populated\">\n\t\t\t\t\t\t<div class=\"elementor-element elementor-element-10cf9036 elementor-widget elementor-widget-spacer\" data-id=\"10cf9036\" data-element_type=\"widget\" data-widget_type=\"spacer.default\">\n\t\t\t\t<div class=\"elementor-widget-container\">\n\t\t\t\t\t<div class=\"elementor-spacer\">\n\t\t\t<div class=\"elementor-spacer-inner\"><\/div>\n\t\t<\/div>\n\t\t\t\t<\/div>\n\t\t\t\t<\/div>\n\t\t\t\t<div class=\"elementor-element elementor-element-cd2cae0 elementor-pagination-position-outside elementor-widget elementor-widget-image-carousel\" data-id=\"cd2cae0\" data-element_type=\"widget\" data-settings=\"{&quot;slides_to_show&quot;:&quot;1&quot;,&quot;navigation&quot;:&quot;dots&quot;,&quot;autoplay_speed&quot;:6000,&quot;autoplay&quot;:&quot;yes&quot;,&quot;pause_on_hover&quot;:&quot;yes&quot;,&quot;pause_on_interaction&quot;:&quot;yes&quot;,&quot;infinite&quot;:&quot;yes&quot;,&quot;effect&quot;:&quot;slide&quot;,&quot;speed&quot;:500}\" data-widget_type=\"image-carousel.default\">\n\t\t\t\t<div class=\"elementor-widget-container\">\n\t\t\t\t\t<div class=\"elementor-image-carousel-wrapper swiper\" dir=\"ltr\">\n\t\t\t<div class=\"elementor-image-carousel swiper-wrapper swiper-image-stretch\" aria-live=\"off\">\n\t\t\t\t\t\t\t\t<div class=\"swiper-slide\" role=\"group\" aria-roledescription=\"slide\" aria-label=\"1 of 2\"><figure class=\"swiper-slide-inner\"><img decoding=\"async\" class=\"swiper-slide-image\" src=\"https:\/\/mfr-craon-oudon.org\/wp-content\/uploads\/elementor\/thumbs\/340116486_608801537787988_442469395465779956_n-q5a3r6v3vqqtws6faf3xu265cyznu58yfabmgdxmcw.jpg\" alt=\"340116486_608801537787988_442469395465779956_n\" \/><\/figure><\/div><div class=\"swiper-slide\" role=\"group\" aria-roledescription=\"slide\" aria-label=\"2 of 2\"><figure class=\"swiper-slide-inner\"><img decoding=\"async\" class=\"swiper-slide-image\" src=\"https:\/\/mfr-craon-oudon.org\/wp-content\/uploads\/elementor\/thumbs\/340647001_235457325691456_455362870186201812_n-q56r5hedxt9wqcr0t6xw76au00poonyz5twfvxfcz4.jpg\" alt=\"340647001_235457325691456_455362870186201812_n\" \/><\/figure><\/div>\t\t\t<\/div>\n\t\t\t\t\t\t\t\n\t\t\t\t\t\t\t\t\t<div class=\"swiper-pagination\"><\/div>\n\t\t\t\t\t\t\t\t\t<\/div>\n\t\t\t\t<\/div>\n\t\t\t\t<\/div>\n\t\t\t\t\t<\/div>\n\t\t<\/div>\n\t\t\t\t\t<\/div>\n\t\t<\/section>\n\t\t\t\t<section class=\"elementor-section elementor-top-section elementor-element elementor-element-1fe306ea elementor-section-content-middle elementor-section-boxed elementor-section-height-default elementor-section-height-default\" data-id=\"1fe306ea\" data-element_type=\"section\" data-settings=\"{&quot;background_background&quot;:&quot;classic&quot;}\">\n\t\t\t\t\t\t\t<div class=\"elementor-background-overlay\"><\/div>\n\t\t\t\t\t\t\t<div class=\"elementor-container elementor-column-gap-wide\">\n\t\t\t\t\t<div class=\"elementor-column elementor-col-100 elementor-top-column elementor-element elementor-element-6a9c77cd\" data-id=\"6a9c77cd\" data-element_type=\"column\">\n\t\t\t<div class=\"elementor-widget-wrap elementor-element-populated\">\n\t\t\t\t\t\t<div class=\"elementor-element elementor-element-6099f10c elementor-invisible elementor-widget elementor-widget-heading\" data-id=\"6099f10c\" data-element_type=\"widget\" data-settings=\"{&quot;_animation&quot;:&quot;fadeIn&quot;,&quot;_animation_delay&quot;:100}\" data-widget_type=\"heading.default\">\n\t\t\t\t<div class=\"elementor-widget-container\">\n\t\t\t<h2 class=\"elementor-heading-title elementor-size-default\">Autres s\u00e9jours et animations<\/h2>\t\t<\/div>\n\t\t\t\t<\/div>\n\t\t\t\t<div class=\"elementor-element elementor-element-370fcfdb elementor-widget-divider--view-line elementor-invisible elementor-widget elementor-widget-divider\" data-id=\"370fcfdb\" data-element_type=\"widget\" data-settings=\"{&quot;_animation&quot;:&quot;fadeIn&quot;,&quot;_animation_delay&quot;:300}\" data-widget_type=\"divider.default\">\n\t\t\t\t<div class=\"elementor-widget-container\">\n\t\t\t\t\t<div class=\"elementor-divider\">\n\t\t\t<span class=\"elementor-divider-separator\">\n\t\t\t\t\t\t<\/span>\n\t\t<\/div>\n\t\t\t\t<\/div>\n\t\t\t\t<\/div>\n\t\t\t\t<div class=\"elementor-element elementor-element-6c44520a elementor-invisible elementor-widget elementor-widget-heading\" data-id=\"6c44520a\" data-element_type=\"widget\" data-settings=\"{&quot;_animation&quot;:&quot;fadeIn&quot;,&quot;_animation_delay&quot;:150}\" data-widget_type=\"heading.default\">\n\t\t\t\t<div class=\"elementor-widget-container\">\n\t\t\t<h2 class=\"elementor-heading-title elementor-size-default\">Les s\u00e9jours ou sorties auxquelles participent les jeunes ou adultes en formation permettent de d\u00e9velopper des comp\u00e9tences et d\u2019approfondir des connaissances.\n.<br>Ce sont aussi des temps d\u2019\u00e9change et de convivialit\u00e9<\/h2>\t\t<\/div>\n\t\t\t\t<\/div>\n\t\t\t\t<section class=\"elementor-section elementor-inner-section elementor-element elementor-element-17a00495 envato-kit-141-top-0 elementor-section-boxed elementor-section-height-default elementor-section-height-default\" data-id=\"17a00495\" data-element_type=\"section\">\n\t\t\t\t\t\t<div class=\"elementor-container elementor-column-gap-default\">\n\t\t\t\t\t<div class=\"elementor-column elementor-col-50 elementor-inner-column elementor-element elementor-element-583c3246 elementor-invisible\" data-id=\"583c3246\" data-element_type=\"column\" data-settings=\"{&quot;background_background&quot;:&quot;classic&quot;,&quot;animation&quot;:&quot;fadeIn&quot;,&quot;animation_delay&quot;:100}\">\n\t\t\t<div class=\"elementor-widget-wrap elementor-element-populated\">\n\t\t\t\t\t\t<div class=\"elementor-element elementor-element-1c1449c6 elementor-widget elementor-widget-image\" data-id=\"1c1449c6\" data-element_type=\"widget\" data-widget_type=\"image.default\">\n\t\t\t\t<div class=\"elementor-widget-container\">\n\t\t\t\t\t\t\t\t\t\t\t\t\t<img decoding=\"async\" width=\"371\" height=\"209\" src=\"https:\/\/mfr-craon-oudon.org\/wp-content\/uploads\/2023\/04\/Logo-ERASMUS-.png\" class=\"attachment-medium_large size-medium_large wp-image-1483\" alt=\"\" srcset=\"https:\/\/mfr-craon-oudon.org\/wp-content\/uploads\/2023\/04\/Logo-ERASMUS-.png 371w, https:\/\/mfr-craon-oudon.org\/wp-content\/uploads\/2023\/04\/Logo-ERASMUS--300x169.png 300w\" sizes=\"(max-width: 371px) 100vw, 371px\" \/>\t\t\t\t\t\t\t\t\t\t\t\t\t<\/div>\n\t\t\t\t<\/div>\n\t\t\t\t<div class=\"elementor-element elementor-element-79414a60 elementor-widget elementor-widget-heading\" data-id=\"79414a60\" data-element_type=\"widget\" data-widget_type=\"heading.default\">\n\t\t\t\t<div class=\"elementor-widget-container\">\n\t\t\t<h2 class=\"elementor-heading-title elementor-size-default\">S\u00e9jours Erasmus<\/h2>\t\t<\/div>\n\t\t\t\t<\/div>\n\t\t\t\t<div class=\"elementor-element elementor-element-1dfcf420 elementor-widget elementor-widget-text-editor\" data-id=\"1dfcf420\" data-element_type=\"widget\" data-widget_type=\"text-editor.default\">\n\t\t\t\t<div class=\"elementor-widget-container\">\n\t\t\t\t\t\t\t<p>Chaque ann\u00e9e, depuis 10 ans, les \u00e9l\u00e8ves de premi\u00e8re SAPAT partent en Hongrie dans le cadre de la mobilit\u00e9 europ\u00e9enne Erasmus +.<\/p>\t\t\t\t\t\t<\/div>\n\t\t\t\t<\/div>\n\t\t\t\t<div class=\"elementor-element elementor-element-69fbd071 elementor-widget elementor-widget-button\" data-id=\"69fbd071\" data-element_type=\"widget\" data-widget_type=\"button.default\">\n\t\t\t\t<div class=\"elementor-widget-container\">\n\t\t\t\t\t<div class=\"elementor-button-wrapper\">\n\t\t\t<a class=\"elementor-button elementor-button-link elementor-size-sm\" href=\"#\">\n\t\t\t\t\t\t<span class=\"elementor-button-content-wrapper\">\n\t\t\t\t\t\t\t\t\t<span class=\"elementor-button-text\">En savoir plus<\/span>\n\t\t\t\t\t<\/span>\n\t\t\t\t\t<\/a>\n\t\t<\/div>\n\t\t\t\t<\/div>\n\t\t\t\t<\/div>\n\t\t\t\t\t<\/div>\n\t\t<\/div>\n\t\t\t\t<div class=\"elementor-column elementor-col-50 elementor-inner-column elementor-element elementor-element-5fa77339 elementor-invisible\" data-id=\"5fa77339\" data-element_type=\"column\" data-settings=\"{&quot;background_background&quot;:&quot;classic&quot;,&quot;animation&quot;:&quot;fadeIn&quot;,&quot;animation_delay&quot;:200}\">\n\t\t\t<div class=\"elementor-widget-wrap elementor-element-populated\">\n\t\t\t\t\t\t<div class=\"elementor-element elementor-element-751a2594 elementor-widget elementor-widget-image\" data-id=\"751a2594\" data-element_type=\"widget\" data-widget_type=\"image.default\">\n\t\t\t\t<div class=\"elementor-widget-container\">\n\t\t\t\t\t\t\t\t\t\t\t\t\t<img decoding=\"async\" src=\"https:\/\/mfr-craon-oudon.org\/wp-content\/uploads\/elementor\/thumbs\/groupe-de-jeune-regardant-vers-lavenir-horizon-sourires-q56onz7odlhpfawav6ylair1iyqgkbxaa5nmtx18dc.jpg\" title=\"groupe de jeune regardant vers l&rsquo;avenir, horizon, sourires\" alt=\"groupe de jeune regardant vers l&#039;avenir, horizon, sourires\" loading=\"lazy\" \/>\t\t\t\t\t\t\t\t\t\t\t\t\t<\/div>\n\t\t\t\t<\/div>\n\t\t\t\t<div class=\"elementor-element elementor-element-38ef26f0 elementor-widget elementor-widget-heading\" data-id=\"38ef26f0\" data-element_type=\"widget\" data-widget_type=\"heading.default\">\n\t\t\t\t<div class=\"elementor-widget-container\">\n\t\t\t<h2 class=\"elementor-heading-title elementor-size-default\">Les s\u00e9jours et les sorties de fin d'ann\u00e9e<\/h2>\t\t<\/div>\n\t\t\t\t<\/div>\n\t\t\t\t<div class=\"elementor-element elementor-element-3d92d3b1 elementor-widget elementor-widget-text-editor\" data-id=\"3d92d3b1\" data-element_type=\"widget\" data-widget_type=\"text-editor.default\">\n\t\t\t\t<div class=\"elementor-widget-container\">\n\t\t\t\t\t\t\t<p>Les sorties ou s\u00e9jours ont des objectifs diff\u00e9rents<\/p>\t\t\t\t\t\t<\/div>\n\t\t\t\t<\/div>\n\t\t\t\t<div class=\"elementor-element elementor-element-d43809e elementor-widget elementor-widget-button\" data-id=\"d43809e\" data-element_type=\"widget\" data-widget_type=\"button.default\">\n\t\t\t\t<div class=\"elementor-widget-container\">\n\t\t\t\t\t<div class=\"elementor-button-wrapper\">\n\t\t\t<a class=\"elementor-button elementor-button-link elementor-size-sm\" href=\"https:\/\/mfr-craon-oudon.org\/index.php\/les-sejours\/\">\n\t\t\t\t\t\t<span class=\"elementor-button-content-wrapper\">\n\t\t\t\t\t\t\t\t\t<span class=\"elementor-button-text\">En savoir plus<\/span>\n\t\t\t\t\t<\/span>\n\t\t\t\t\t<\/a>\n\t\t<\/div>\n\t\t\t\t<\/div>\n\t\t\t\t<\/div>\n\t\t\t\t\t<\/div>\n\t\t<\/div>\n\t\t\t\t\t<\/div>\n\t\t<\/section>\n\t\t\t\t\t<\/div>\n\t\t<\/div>\n\t\t\t\t\t<\/div>\n\t\t<\/section>\n\t\t\t\t<\/div>\n\t\t","protected":false},"excerpt":{"rendered":"<p>Nos d\u00e9marches Participer \u00e0 une d\u00e9marche solidaire La MFR organise depuis 4 ans des cross caritatifs. Les objectifs sont : faire d\u00e9couvrir une association locale participer \u00e0 une d\u00e9marche solidaire s\u2019engager pour une cause aider une association partager un moment de convivialit\u00e9 Quelques exemples Impliquer plus largement La MFR organise 2 cross caritatifs par an afin que l\u2019ensemble des jeunes de la MFR puissent y participer. Cette action est men\u00e9e parfois avec la MFR de l\u2019Hippodrome. Autres s\u00e9jours et animations Les s\u00e9jours ou sorties auxquelles participent les jeunes ou adultes en formation permettent de d\u00e9velopper des comp\u00e9tences et d\u2019approfondir des connaissances. .Ce sont aussi des temps d\u2019\u00e9change et de convivialit\u00e9 S\u00e9jours Erasmus Chaque ann\u00e9e, depuis 10 ans, les \u00e9l\u00e8ves de premi\u00e8re SAPAT partent en Hongrie dans le cadre de la mobilit\u00e9 europ\u00e9enne Erasmus +. En savoir plus Les s\u00e9jours et les sorties de fin d&rsquo;ann\u00e9e Les sorties ou s\u00e9jours ont des objectifs diff\u00e9rents En savoir plus<\/p>\n","protected":false},"author":1,"featured_media":0,"parent":0,"menu_order":0,"comment_status":"closed","ping_status":"closed","template":"templates\/template-page-full-width.php","meta":{"_monsterinsights_skip_tracking":false,"_monsterinsights_sitenote_active":false,"_monsterinsights_sitenote_note":"","_monsterinsights_sitenote_category":0,"footnotes":""},"class_list":["post-1942","page","type-page","status-publish","hentry"],"aioseo_notices":[],"_links":{"self":[{"href":"https:\/\/mfr-craon-oudon.org\/index.php\/wp-json\/wp\/v2\/pages\/1942","targetHints":{"allow":["GET"]}}],"collection":[{"href":"https:\/\/mfr-craon-oudon.org\/index.php\/wp-json\/wp\/v2\/pages"}],"about":[{"href":"https:\/\/mfr-craon-oudon.org\/index.php\/wp-json\/wp\/v2\/types\/page"}],"author":[{"embeddable":true,"href":"https:\/\/mfr-craon-oudon.org\/index.php\/wp-json\/wp\/v2\/users\/1"}],"replies":[{"embeddable":true,"href":"https:\/\/mfr-craon-oudon.org\/index.php\/wp-json\/wp\/v2\/comments?post=1942"}],"version-history":[{"count":0,"href":"https:\/\/mfr-craon-oudon.org\/index.php\/wp-json\/wp\/v2\/pages\/1942\/revisions"}],"wp:attachment":[{"href":"https:\/\/mfr-craon-oudon.org\/index.php\/wp-json\/wp\/v2\/media?parent=1942"}],"curies":[{"name":"wp","href":"https:\/\/api.w.org\/{rel}","templated":true}]}}