{"id":1741,"date":"2023-04-19T13:21:55","date_gmt":"2023-04-19T11:21:55","guid":{"rendered":"https:\/\/mfr-craon-oudon.org\/?page_id=1741"},"modified":"2026-01-06T14:20:34","modified_gmt":"2026-01-06T13:20:34","slug":"la-decouverte-des-metiers-en-classe-de-4-eme-et-3-eme","status":"publish","type":"page","link":"https:\/\/mfr-craon-oudon.org\/index.php\/la-decouverte-des-metiers-en-classe-de-4-eme-et-3-eme\/","title":{"rendered":"La d\u00e9couverte des m\u00e9tiers en classe de 4\u00e8me et 3\u00e8me\u00a0:"},"content":{"rendered":"\t\t<div data-elementor-type=\"wp-page\" data-elementor-id=\"1741\" class=\"elementor elementor-1741\">\n\t\t\t\t\t\t<section class=\"elementor-section elementor-top-section elementor-element elementor-element-3bad3e18 elementor-section-height-min-height elementor-section-items-stretch elementor-section-content-middle elementor-section-boxed elementor-section-height-default\" data-id=\"3bad3e18\" data-element_type=\"section\" data-settings=\"{&quot;background_background&quot;:&quot;classic&quot;}\">\n\t\t\t\t\t\t<div class=\"elementor-container elementor-column-gap-default\">\n\t\t\t\t\t<div class=\"elementor-column elementor-col-100 elementor-top-column elementor-element elementor-element-34737728\" data-id=\"34737728\" data-element_type=\"column\" data-settings=\"{&quot;background_background&quot;:&quot;classic&quot;}\">\n\t\t\t<div class=\"elementor-widget-wrap elementor-element-populated\">\n\t\t\t\t\t\t<div class=\"elementor-element elementor-element-2f215ff5 elementor-widget__width-inherit elementor-invisible elementor-widget elementor-widget-heading\" data-id=\"2f215ff5\" data-element_type=\"widget\" data-settings=\"{&quot;_animation&quot;:&quot;fadeIn&quot;,&quot;_animation_delay&quot;:400}\" data-widget_type=\"heading.default\">\n\t\t\t\t<div class=\"elementor-widget-container\">\n\t\t\t<h2 class=\"elementor-heading-title elementor-size-medium\">Un programme qui se d\u00e9roule sur 36 semaines d\u2019alternance.<\/h2>\t\t<\/div>\n\t\t\t\t<\/div>\n\t\t\t\t<div class=\"elementor-element elementor-element-5f9689e2 elementor-invisible elementor-widget elementor-widget-text-editor\" data-id=\"5f9689e2\" data-element_type=\"widget\" data-settings=\"{&quot;_animation&quot;:&quot;fadeIn&quot;,&quot;_animation_delay&quot;:600}\" data-widget_type=\"text-editor.default\">\n\t\t\t\t<div class=\"elementor-widget-container\">\n\t\t\t\t\t\t\t<p>Le programme de la classe de 4<sup>\u00e8me<\/sup>\u00a0ou de 3<sup>\u00e8me<\/sup>\u00a0de \u00ab l\u2019enseignement agricole \u00bb se d\u00e9roule sur 36 semaines d\u2019alternance : 20 semaines en stage en entreprise et 16 semaines \u00e0 la Maison Familiale.<\/p><p>Les jeunes peuvent aller faire 3 \u00e0 4 stages par an dans des domaines professionnels diff\u00e9rents (m\u00e9tiers de bouche, m\u00e9tiers du commerce, m\u00e9tiers du b\u00e2timent, m\u00e9tiers du service \u00e0 la personne, \u2026)<\/p><p><strong>T\u00e9l\u00e9chargez la fiche formation ci dessous :<br \/><\/strong><\/p><div id=\"sconnect-is-installed\" style=\"display: none;\">2.15.0.0<\/div><div id=\"sconnect-is-installed\" style=\"display: none;\">2.15.0.0<\/div>\t\t\t\t\t\t<\/div>\n\t\t\t\t<\/div>\n\t\t\t\t<div class=\"elementor-element elementor-element-611dc05 elementor-align-center elementor-mobile-align-justify elementor-widget elementor-widget-button\" data-id=\"611dc05\" data-element_type=\"widget\" data-widget_type=\"button.default\">\n\t\t\t\t<div class=\"elementor-widget-container\">\n\t\t\t\t\t<div class=\"elementor-button-wrapper\">\n\t\t\t<a class=\"elementor-button elementor-button-link elementor-size-md elementor-animation-float\" href=\"https:\/\/mfr-craon-oudon.org\/wp-content\/uploads\/2026\/01\/Fiche-formation-4e3e.pdf\" target=\"_blank\">\n\t\t\t\t\t\t<span class=\"elementor-button-content-wrapper\">\n\t\t\t\t\t\t\t\t\t<span class=\"elementor-button-text\">4\u00e8me  et 3\u00e8me  par alternance<\/span>\n\t\t\t\t\t<\/span>\n\t\t\t\t\t<\/a>\n\t\t<\/div>\n\t\t\t\t<\/div>\n\t\t\t\t<\/div>\n\t\t\t\t\t<\/div>\n\t\t<\/div>\n\t\t\t\t\t<\/div>\n\t\t<\/section>\n\t\t\t\t<section class=\"elementor-section elementor-top-section elementor-element elementor-element-a145432 elementor-section-boxed elementor-section-height-default elementor-section-height-default\" data-id=\"a145432\" data-element_type=\"section\">\n\t\t\t\t\t\t<div class=\"elementor-container elementor-column-gap-default\">\n\t\t\t\t\t<div class=\"elementor-column elementor-col-33 elementor-top-column elementor-element elementor-element-d721621\" data-id=\"d721621\" data-element_type=\"column\">\n\t\t\t<div class=\"elementor-widget-wrap elementor-element-populated\">\n\t\t\t\t\t\t<div class=\"elementor-element elementor-element-c418ff3 elementor-widget elementor-widget-heading\" data-id=\"c418ff3\" data-element_type=\"widget\" data-widget_type=\"heading.default\">\n\t\t\t\t<div class=\"elementor-widget-container\">\n\t\t\t<h2 class=\"elementor-heading-title elementor-size-default\"><a href=\"https:\/\/mfr-craon-oudon.org\/index.php\/option-football\/\" target=\"_blank\"><h3 data-elementor-setting-key=\"title\" data-pen-placeholder=\"\u00c9crivez ici...\" style=\"line-height: 32px; font-size: 28px; font-weight: 100; text-transform: none; font-style: normal; text-decoration-thickness: initial; text-decoration-style: initial; text-decoration-color: initial; color: rgb(56, 73, 117); font-family: Vidaloka, sans-serif; text-align: center;\">Option multisports<\/h3><\/a><\/h2>\t\t<\/div>\n\t\t\t\t<\/div>\n\t\t\t\t\t<\/div>\n\t\t<\/div>\n\t\t\t\t<div class=\"elementor-column elementor-col-33 elementor-top-column elementor-element elementor-element-8cffb65\" data-id=\"8cffb65\" data-element_type=\"column\">\n\t\t\t<div class=\"elementor-widget-wrap elementor-element-populated\">\n\t\t\t\t\t\t<div class=\"elementor-element elementor-element-5064980 elementor-widget elementor-widget-heading\" data-id=\"5064980\" data-element_type=\"widget\" data-widget_type=\"heading.default\">\n\t\t\t\t<div class=\"elementor-widget-container\">\n\t\t\t<h2 class=\"elementor-heading-title elementor-size-default\"><a href=\"https:\/\/mfr-craon-oudon.org\/index.php\/options-web-multimedias\/\" target=\"_blank\"><h3 data-elementor-setting-key=\"title\" data-pen-placeholder=\"\u00c9crivez ici...\" style=\"line-height: 32px; font-size: 28px; font-weight: 100; text-transform: none; font-style: normal; text-decoration-thickness: initial; text-decoration-style: initial; text-decoration-color: initial; color: rgb(56, 73, 117); font-family: Vidaloka, sans-serif; text-align: center;\">Option cuisine et produits du terroir<\/h3><\/a><\/h2>\t\t<\/div>\n\t\t\t\t<\/div>\n\t\t\t\t\t<\/div>\n\t\t<\/div>\n\t\t\t\t<div class=\"elementor-column elementor-col-33 elementor-top-column elementor-element elementor-element-6b71c93\" data-id=\"6b71c93\" data-element_type=\"column\">\n\t\t\t<div class=\"elementor-widget-wrap elementor-element-populated\">\n\t\t\t\t\t\t<div class=\"elementor-element elementor-element-da7b533 elementor-widget elementor-widget-heading\" data-id=\"da7b533\" data-element_type=\"widget\" data-widget_type=\"heading.default\">\n\t\t\t\t<div class=\"elementor-widget-container\">\n\t\t\t<h2 class=\"elementor-heading-title elementor-size-default\"><a href=\"https:\/\/mfr-craon-oudon.org\/index.php\/option-puericulture-animation-sociale-et-cuisine\/\" target=\"_blank\"><h3 data-elementor-setting-key=\"title\" data-pen-placeholder=\"\u00c9crivez ici...\" style=\"line-height: 32px; font-size: 28px; font-weight: 100; text-transform: none; font-style: normal; text-decoration-thickness: initial; text-decoration-style: initial; text-decoration-color: initial; color: rgb(56, 73, 117); font-family: Vidaloka, sans-serif; text-align: center;\">Option pu\u00e9riculture, animation sociale<\/h3><\/a><\/h2>\t\t<\/div>\n\t\t\t\t<\/div>\n\t\t\t\t\t<\/div>\n\t\t<\/div>\n\t\t\t\t\t<\/div>\n\t\t<\/section>\n\t\t\t\t<section class=\"elementor-section elementor-top-section elementor-element elementor-element-ce0cfb5 elementor-section-boxed elementor-section-height-default elementor-section-height-default\" data-id=\"ce0cfb5\" data-element_type=\"section\">\n\t\t\t\t\t\t<div class=\"elementor-container elementor-column-gap-default\">\n\t\t\t\t\t<div class=\"elementor-column elementor-col-33 elementor-top-column elementor-element elementor-element-babdd01\" data-id=\"babdd01\" data-element_type=\"column\">\n\t\t\t<div class=\"elementor-widget-wrap elementor-element-populated\">\n\t\t\t\t\t\t<div class=\"elementor-element elementor-element-73066ce elementor-widget elementor-widget-image\" data-id=\"73066ce\" data-element_type=\"widget\" data-widget_type=\"image.default\">\n\t\t\t\t<div class=\"elementor-widget-container\">\n\t\t\t\t\t\t\t\t\t\t\t\t\t\t<a href=\"https:\/\/mfr-craon-oudon.org\/index.php\/option-football\/\" target=\"_blank\">\n\t\t\t\t\t\t\t<img fetchpriority=\"high\" decoding=\"async\" width=\"1024\" height=\"668\" src=\"https:\/\/mfr-craon-oudon.org\/wp-content\/uploads\/2024\/02\/outils-sport-1024x668.jpg\" class=\"attachment-large size-large wp-image-2679\" alt=\"\" srcset=\"https:\/\/mfr-craon-oudon.org\/wp-content\/uploads\/2024\/02\/outils-sport-1024x668.jpg 1024w, https:\/\/mfr-craon-oudon.org\/wp-content\/uploads\/2024\/02\/outils-sport-300x196.jpg 300w, https:\/\/mfr-craon-oudon.org\/wp-content\/uploads\/2024\/02\/outils-sport-768x501.jpg 768w, https:\/\/mfr-craon-oudon.org\/wp-content\/uploads\/2024\/02\/outils-sport-1536x1002.jpg 1536w\" sizes=\"(max-width: 1024px) 100vw, 1024px\" \/>\t\t\t\t\t\t\t\t<\/a>\n\t\t\t\t\t\t\t\t\t\t\t\t\t<\/div>\n\t\t\t\t<\/div>\n\t\t\t\t\t<\/div>\n\t\t<\/div>\n\t\t\t\t<div class=\"elementor-column elementor-col-33 elementor-top-column elementor-element elementor-element-dfea862\" data-id=\"dfea862\" data-element_type=\"column\">\n\t\t\t<div class=\"elementor-widget-wrap elementor-element-populated\">\n\t\t\t\t\t\t<div class=\"elementor-element elementor-element-e759497 elementor-widget elementor-widget-image\" data-id=\"e759497\" data-element_type=\"widget\" data-widget_type=\"image.default\">\n\t\t\t\t<div class=\"elementor-widget-container\">\n\t\t\t\t\t\t\t\t\t\t\t\t\t\t<a href=\"https:\/\/mfr-craon-oudon.org\/index.php\/options-web-multimedias\/\" target=\"_blank\">\n\t\t\t\t\t\t\t<img decoding=\"async\" width=\"1024\" height=\"683\" src=\"https:\/\/mfr-craon-oudon.org\/wp-content\/uploads\/2024\/02\/MFR-CRAON_HD-CHG_1522-1024x683.jpg\" class=\"attachment-large size-large wp-image-2680\" alt=\"\" srcset=\"https:\/\/mfr-craon-oudon.org\/wp-content\/uploads\/2024\/02\/MFR-CRAON_HD-CHG_1522-1024x683.jpg 1024w, https:\/\/mfr-craon-oudon.org\/wp-content\/uploads\/2024\/02\/MFR-CRAON_HD-CHG_1522-300x200.jpg 300w, https:\/\/mfr-craon-oudon.org\/wp-content\/uploads\/2024\/02\/MFR-CRAON_HD-CHG_1522-768x512.jpg 768w, https:\/\/mfr-craon-oudon.org\/wp-content\/uploads\/2024\/02\/MFR-CRAON_HD-CHG_1522-1536x1024.jpg 1536w, https:\/\/mfr-craon-oudon.org\/wp-content\/uploads\/2024\/02\/MFR-CRAON_HD-CHG_1522-2048x1365.jpg 2048w, https:\/\/mfr-craon-oudon.org\/wp-content\/uploads\/2024\/02\/MFR-CRAON_HD-CHG_1522-600x400.jpg 600w\" sizes=\"(max-width: 1024px) 100vw, 1024px\" \/>\t\t\t\t\t\t\t\t<\/a>\n\t\t\t\t\t\t\t\t\t\t\t\t\t<\/div>\n\t\t\t\t<\/div>\n\t\t\t\t\t<\/div>\n\t\t<\/div>\n\t\t\t\t<div class=\"elementor-column elementor-col-33 elementor-top-column elementor-element elementor-element-472387e\" data-id=\"472387e\" data-element_type=\"column\">\n\t\t\t<div class=\"elementor-widget-wrap elementor-element-populated\">\n\t\t\t\t\t\t<div class=\"elementor-element elementor-element-12d06b0 elementor-widget elementor-widget-image\" data-id=\"12d06b0\" data-element_type=\"widget\" data-widget_type=\"image.default\">\n\t\t\t\t<div class=\"elementor-widget-container\">\n\t\t\t\t\t\t\t\t\t\t\t\t\t\t<a href=\"https:\/\/mfr-craon-oudon.org\/index.php\/option-puericulture-animation-sociale-et-cuisine\/\" target=\"_blank\">\n\t\t\t\t\t\t\t<img decoding=\"async\" width=\"1024\" height=\"683\" src=\"https:\/\/mfr-craon-oudon.org\/wp-content\/uploads\/2023\/04\/metier-auxiliaire-puericulture-2-1024x683.jpg\" class=\"attachment-large size-large wp-image-1771\" alt=\"\" srcset=\"https:\/\/mfr-craon-oudon.org\/wp-content\/uploads\/2023\/04\/metier-auxiliaire-puericulture-2-1024x683.jpg 1024w, https:\/\/mfr-craon-oudon.org\/wp-content\/uploads\/2023\/04\/metier-auxiliaire-puericulture-2-300x200.jpg 300w, https:\/\/mfr-craon-oudon.org\/wp-content\/uploads\/2023\/04\/metier-auxiliaire-puericulture-2-768x512.jpg 768w, https:\/\/mfr-craon-oudon.org\/wp-content\/uploads\/2023\/04\/metier-auxiliaire-puericulture-2-1536x1025.jpg 1536w, https:\/\/mfr-craon-oudon.org\/wp-content\/uploads\/2023\/04\/metier-auxiliaire-puericulture-2.jpg 1920w\" sizes=\"(max-width: 1024px) 100vw, 1024px\" \/>\t\t\t\t\t\t\t\t<\/a>\n\t\t\t\t\t\t\t\t\t\t\t\t\t<\/div>\n\t\t\t\t<\/div>\n\t\t\t\t\t<\/div>\n\t\t<\/div>\n\t\t\t\t\t<\/div>\n\t\t<\/section>\n\t\t\t\t<\/div>\n\t\t","protected":false},"excerpt":{"rendered":"<p>Un programme qui se d\u00e9roule sur 36 semaines d\u2019alternance. Le programme de la classe de 4\u00e8me\u00a0ou de 3\u00e8me\u00a0de \u00ab l\u2019enseignement agricole \u00bb se d\u00e9roule sur 36 semaines d\u2019alternance : 20 semaines en stage en entreprise et 16 semaines \u00e0 la Maison Familiale. Les jeunes peuvent aller faire 3 \u00e0 4 stages par an dans des domaines professionnels diff\u00e9rents (m\u00e9tiers de bouche, m\u00e9tiers du commerce, m\u00e9tiers du b\u00e2timent, m\u00e9tiers du service \u00e0 la personne, \u2026) T\u00e9l\u00e9chargez la fiche formation ci dessous : 2.15.0.02.15.0.0 4\u00e8me et 3\u00e8me par alternance Option multisports Option cuisine et produits du terroir Option pu\u00e9riculture, animation sociale<\/p>\n","protected":false},"author":1,"featured_media":0,"parent":0,"menu_order":0,"comment_status":"closed","ping_status":"closed","template":"templates\/template-page-full-width.php","meta":{"_monsterinsights_skip_tracking":false,"_monsterinsights_sitenote_active":false,"_monsterinsights_sitenote_note":"","_monsterinsights_sitenote_category":0,"footnotes":""},"class_list":["post-1741","page","type-page","status-publish","hentry"],"aioseo_notices":[],"_links":{"self":[{"href":"https:\/\/mfr-craon-oudon.org\/index.php\/wp-json\/wp\/v2\/pages\/1741","targetHints":{"allow":["GET"]}}],"collection":[{"href":"https:\/\/mfr-craon-oudon.org\/index.php\/wp-json\/wp\/v2\/pages"}],"about":[{"href":"https:\/\/mfr-craon-oudon.org\/index.php\/wp-json\/wp\/v2\/types\/page"}],"author":[{"embeddable":true,"href":"https:\/\/mfr-craon-oudon.org\/index.php\/wp-json\/wp\/v2\/users\/1"}],"replies":[{"embeddable":true,"href":"https:\/\/mfr-craon-oudon.org\/index.php\/wp-json\/wp\/v2\/comments?post=1741"}],"version-history":[{"count":6,"href":"https:\/\/mfr-craon-oudon.org\/index.php\/wp-json\/wp\/v2\/pages\/1741\/revisions"}],"predecessor-version":[{"id":3347,"href":"https:\/\/mfr-craon-oudon.org\/index.php\/wp-json\/wp\/v2\/pages\/1741\/revisions\/3347"}],"wp:attachment":[{"href":"https:\/\/mfr-craon-oudon.org\/index.php\/wp-json\/wp\/v2\/media?parent=1741"}],"curies":[{"name":"wp","href":"https:\/\/api.w.org\/{rel}","templated":true}]}}